{"id":2090,"date":"2025-06-09T19:53:03","date_gmt":"2025-06-09T17:53:03","guid":{"rendered":"https:\/\/eligioielli.com\/?post_type=product&#038;p=2090"},"modified":"2025-06-09T19:53:08","modified_gmt":"2025-06-09T17:53:08","slug":"recarlo-anniversary-more-bracciale-rigido-cod-b86ri011","status":"publish","type":"product","link":"https:\/\/eligioielli.com\/index.php\/product\/recarlo-anniversary-more-bracciale-rigido-cod-b86ri011\/","title":{"rendered":"RECARLO Anniversary More bracciale rigido. Cod. B86RI011"},"content":{"rendered":"<p>Disponibile anche in oro giallo Sunset.<\/p>\n<p>Nel caso in cui il prodotto desiderato non sia immediatamente disponibile, i tempi di consegna saranno soggetti alle tempistiche\u00a0 della casa produttrice. Sar\u00e0 nostra premura informarti tempestivamente sui tempi previsti e aggiornarti su eventuali variazioni.<\/p>\n<p>Per qualsiasi esigenza o richiesta particolare, il nostro servizio cliente \u00e8 a tua disposizione.<\/p>\n<p>&nbsp;<\/p>\n<p>Prezzo su richiesta in base alla caratura dei brillanti.<\/p>\n<p>&nbsp;<\/p>\n","protected":false},"excerpt":{"rendered":"<p>Il bracciale rigido Anniversary More \u00e8 una firma di eleganza moderna, oro 18 kt, diamanti a cuore, desing aperto e certificazioni di qualit\u00e0. Le estremit\u00e0 ospitano diamanti naturali a taglio cuore, simbolo dell&#8217;amore eterno.<\/p>\n","protected":false},"featured_media":2091,"comment_status":"open","ping_status":"closed","template":"","meta":{"_joinchat":[]},"product_brand":[94],"product_cat":[191],"product_tag":[106,103,43,139,188,133],"class_list":{"0":"post-2090","1":"product","2":"type-product","3":"status-publish","4":"has-post-thumbnail","6":"product_brand-recarlo","7":"product_cat-bracciale-oro-e-diamanti","8":"product_tag-anniversario","9":"product_tag-compleanno","10":"product_tag-eli-gioielli","11":"product_tag-fidanzamento","12":"product_tag-recarlo","13":"product_tag-ricorrenze","15":"first","16":"instock","17":"taxable","18":"shipping-taxable","19":"product-type-simple"},"yoast_head":"<!-- This site is optimized with the Yoast SEO plugin v27.5 - https:\/\/yoast.com\/product\/yoast-seo-wordpress\/ -->\n<title>RECARLO Anniversary More bracciale rigido. Cod. B86RI011 - Eli Gioielli<\/title>\n<meta name=\"description\" content=\"Recarlo gioielli in oto 18 kt e diamanti dal taglio perfetto, simbolo d&#039;amore e bellezza che trovi nelle sue collezioni Anniversary, Anniversary More.\" \/>\n<meta name=\"robots\" content=\"index, follow, max-snippet:-1, max-image-preview:large, max-video-preview:-1\" \/>\n<link rel=\"canonical\" href=\"https:\/\/eligioielli.com\/index.php\/product\/recarlo-anniversary-more-bracciale-rigido-cod-b86ri011\/\" \/>\n<meta property=\"og:locale\" content=\"it_IT\" \/>\n<meta property=\"og:type\" content=\"article\" \/>\n<meta property=\"og:title\" content=\"RECARLO Anniversary More bracciale rigido. Cod. B86RI011 - Eli Gioielli\" \/>\n<meta property=\"og:description\" content=\"Recarlo gioielli in oto 18 kt e diamanti dal taglio perfetto, simbolo d&#039;amore e bellezza che trovi nelle sue collezioni Anniversary, Anniversary More.\" \/>\n<meta property=\"og:url\" content=\"https:\/\/eligioielli.com\/index.php\/product\/recarlo-anniversary-more-bracciale-rigido-cod-b86ri011\/\" \/>\n<meta property=\"og:site_name\" content=\"Eli Gioielli\" \/>\n<meta property=\"article:publisher\" content=\"https:\/\/www.facebook.com\/Eligioiellimassa\" \/>\n<meta property=\"article:modified_time\" content=\"2025-06-09T17:53:08+00:00\" \/>\n<meta property=\"og:image\" content=\"https:\/\/eligioielli.com\/wp-content\/uploads\/2025\/06\/B86RI011.webp\" \/>\n\t<meta property=\"og:image:width\" content=\"1920\" \/>\n\t<meta property=\"og:image:height\" content=\"1920\" \/>\n\t<meta property=\"og:image:type\" content=\"image\/webp\" \/>\n<meta name=\"twitter:card\" content=\"summary_large_image\" \/>\n<meta name=\"twitter:label1\" content=\"Tempo di lettura stimato\" \/>\n\t<meta name=\"twitter:data1\" content=\"1 minuto\" \/>\n<script type=\"application\/ld+json\" class=\"yoast-schema-graph\">{\"@context\":\"https:\\\/\\\/schema.org\",\"@graph\":[{\"@type\":\"WebPage\",\"@id\":\"https:\\\/\\\/eligioielli.com\\\/index.php\\\/product\\\/recarlo-anniversary-more-bracciale-rigido-cod-b86ri011\\\/\",\"url\":\"https:\\\/\\\/eligioielli.com\\\/index.php\\\/product\\\/recarlo-anniversary-more-bracciale-rigido-cod-b86ri011\\\/\",\"name\":\"RECARLO Anniversary More bracciale rigido. Cod. B86RI011 - Eli Gioielli\",\"isPartOf\":{\"@id\":\"https:\\\/\\\/eligioielli.com\\\/#website\"},\"primaryImageOfPage\":{\"@id\":\"https:\\\/\\\/eligioielli.com\\\/index.php\\\/product\\\/recarlo-anniversary-more-bracciale-rigido-cod-b86ri011\\\/#primaryimage\"},\"image\":{\"@id\":\"https:\\\/\\\/eligioielli.com\\\/index.php\\\/product\\\/recarlo-anniversary-more-bracciale-rigido-cod-b86ri011\\\/#primaryimage\"},\"thumbnailUrl\":\"https:\\\/\\\/eligioielli.com\\\/wp-content\\\/uploads\\\/2025\\\/06\\\/B86RI011.webp\",\"datePublished\":\"2025-06-09T17:53:03+00:00\",\"dateModified\":\"2025-06-09T17:53:08+00:00\",\"description\":\"Recarlo gioielli in oto 18 kt e diamanti dal taglio perfetto, simbolo d'amore e bellezza che trovi nelle sue collezioni Anniversary, Anniversary More.\",\"breadcrumb\":{\"@id\":\"https:\\\/\\\/eligioielli.com\\\/index.php\\\/product\\\/recarlo-anniversary-more-bracciale-rigido-cod-b86ri011\\\/#breadcrumb\"},\"inLanguage\":\"it-IT\",\"potentialAction\":[{\"@type\":\"ReadAction\",\"target\":[\"https:\\\/\\\/eligioielli.com\\\/index.php\\\/product\\\/recarlo-anniversary-more-bracciale-rigido-cod-b86ri011\\\/\"]}]},{\"@type\":\"ImageObject\",\"inLanguage\":\"it-IT\",\"@id\":\"https:\\\/\\\/eligioielli.com\\\/index.php\\\/product\\\/recarlo-anniversary-more-bracciale-rigido-cod-b86ri011\\\/#primaryimage\",\"url\":\"https:\\\/\\\/eligioielli.com\\\/wp-content\\\/uploads\\\/2025\\\/06\\\/B86RI011.webp\",\"contentUrl\":\"https:\\\/\\\/eligioielli.com\\\/wp-content\\\/uploads\\\/2025\\\/06\\\/B86RI011.webp\",\"width\":1920,\"height\":1920},{\"@type\":\"BreadcrumbList\",\"@id\":\"https:\\\/\\\/eligioielli.com\\\/index.php\\\/product\\\/recarlo-anniversary-more-bracciale-rigido-cod-b86ri011\\\/#breadcrumb\",\"itemListElement\":[{\"@type\":\"ListItem\",\"position\":1,\"name\":\"Home\",\"item\":\"https:\\\/\\\/eligioielli.com\\\/\"},{\"@type\":\"ListItem\",\"position\":2,\"name\":\"Prodotti\",\"item\":\"https:\\\/\\\/eligioielli.com\\\/index.php\\\/prodotti-eli-gioielli-massa-gioielleria-oreficeria\\\/\"},{\"@type\":\"ListItem\",\"position\":3,\"name\":\"RECARLO Anniversary More bracciale rigido. Cod. B86RI011\"}]},{\"@type\":\"WebSite\",\"@id\":\"https:\\\/\\\/eligioielli.com\\\/#website\",\"url\":\"https:\\\/\\\/eligioielli.com\\\/\",\"name\":\"Eli Gioielli\",\"description\":\"\",\"publisher\":{\"@id\":\"https:\\\/\\\/eligioielli.com\\\/#organization\"},\"potentialAction\":[{\"@type\":\"SearchAction\",\"target\":{\"@type\":\"EntryPoint\",\"urlTemplate\":\"https:\\\/\\\/eligioielli.com\\\/?s={search_term_string}\"},\"query-input\":{\"@type\":\"PropertyValueSpecification\",\"valueRequired\":true,\"valueName\":\"search_term_string\"}}],\"inLanguage\":\"it-IT\"},{\"@type\":\"Organization\",\"@id\":\"https:\\\/\\\/eligioielli.com\\\/#organization\",\"name\":\"Eli Gioielli\",\"url\":\"https:\\\/\\\/eligioielli.com\\\/\",\"logo\":{\"@type\":\"ImageObject\",\"inLanguage\":\"it-IT\",\"@id\":\"https:\\\/\\\/eligioielli.com\\\/#\\\/schema\\\/logo\\\/image\\\/\",\"url\":\"https:\\\/\\\/eligioielli.com\\\/wp-content\\\/uploads\\\/2024\\\/05\\\/logo.png\",\"contentUrl\":\"https:\\\/\\\/eligioielli.com\\\/wp-content\\\/uploads\\\/2024\\\/05\\\/logo.png\",\"width\":165,\"height\":96,\"caption\":\"Eli Gioielli\"},\"image\":{\"@id\":\"https:\\\/\\\/eligioielli.com\\\/#\\\/schema\\\/logo\\\/image\\\/\"},\"sameAs\":[\"https:\\\/\\\/www.facebook.com\\\/Eligioiellimassa\",\"https:\\\/\\\/www.instagram.com\\\/eli_gioielli\\\/\"]}]}<\/script>\n<!-- \/ Yoast SEO plugin. -->","yoast_head_json":{"title":"RECARLO Anniversary More bracciale rigido. Cod. B86RI011 - Eli Gioielli","description":"Recarlo gioielli in oto 18 kt e diamanti dal taglio perfetto, simbolo d'amore e bellezza che trovi nelle sue collezioni Anniversary, Anniversary More.","robots":{"index":"index","follow":"follow","max-snippet":"max-snippet:-1","max-image-preview":"max-image-preview:large","max-video-preview":"max-video-preview:-1"},"canonical":"https:\/\/eligioielli.com\/index.php\/product\/recarlo-anniversary-more-bracciale-rigido-cod-b86ri011\/","og_locale":"it_IT","og_type":"article","og_title":"RECARLO Anniversary More bracciale rigido. Cod. B86RI011 - Eli Gioielli","og_description":"Recarlo gioielli in oto 18 kt e diamanti dal taglio perfetto, simbolo d'amore e bellezza che trovi nelle sue collezioni Anniversary, Anniversary More.","og_url":"https:\/\/eligioielli.com\/index.php\/product\/recarlo-anniversary-more-bracciale-rigido-cod-b86ri011\/","og_site_name":"Eli Gioielli","article_publisher":"https:\/\/www.facebook.com\/Eligioiellimassa","article_modified_time":"2025-06-09T17:53:08+00:00","og_image":[{"width":1920,"height":1920,"url":"https:\/\/eligioielli.com\/wp-content\/uploads\/2025\/06\/B86RI011.webp","type":"image\/webp"}],"twitter_card":"summary_large_image","twitter_misc":{"Tempo di lettura stimato":"1 minuto"},"schema":{"@context":"https:\/\/schema.org","@graph":[{"@type":"WebPage","@id":"https:\/\/eligioielli.com\/index.php\/product\/recarlo-anniversary-more-bracciale-rigido-cod-b86ri011\/","url":"https:\/\/eligioielli.com\/index.php\/product\/recarlo-anniversary-more-bracciale-rigido-cod-b86ri011\/","name":"RECARLO Anniversary More bracciale rigido. Cod. B86RI011 - Eli Gioielli","isPartOf":{"@id":"https:\/\/eligioielli.com\/#website"},"primaryImageOfPage":{"@id":"https:\/\/eligioielli.com\/index.php\/product\/recarlo-anniversary-more-bracciale-rigido-cod-b86ri011\/#primaryimage"},"image":{"@id":"https:\/\/eligioielli.com\/index.php\/product\/recarlo-anniversary-more-bracciale-rigido-cod-b86ri011\/#primaryimage"},"thumbnailUrl":"https:\/\/eligioielli.com\/wp-content\/uploads\/2025\/06\/B86RI011.webp","datePublished":"2025-06-09T17:53:03+00:00","dateModified":"2025-06-09T17:53:08+00:00","description":"Recarlo gioielli in oto 18 kt e diamanti dal taglio perfetto, simbolo d'amore e bellezza che trovi nelle sue collezioni Anniversary, Anniversary More.","breadcrumb":{"@id":"https:\/\/eligioielli.com\/index.php\/product\/recarlo-anniversary-more-bracciale-rigido-cod-b86ri011\/#breadcrumb"},"inLanguage":"it-IT","potentialAction":[{"@type":"ReadAction","target":["https:\/\/eligioielli.com\/index.php\/product\/recarlo-anniversary-more-bracciale-rigido-cod-b86ri011\/"]}]},{"@type":"ImageObject","inLanguage":"it-IT","@id":"https:\/\/eligioielli.com\/index.php\/product\/recarlo-anniversary-more-bracciale-rigido-cod-b86ri011\/#primaryimage","url":"https:\/\/eligioielli.com\/wp-content\/uploads\/2025\/06\/B86RI011.webp","contentUrl":"https:\/\/eligioielli.com\/wp-content\/uploads\/2025\/06\/B86RI011.webp","width":1920,"height":1920},{"@type":"BreadcrumbList","@id":"https:\/\/eligioielli.com\/index.php\/product\/recarlo-anniversary-more-bracciale-rigido-cod-b86ri011\/#breadcrumb","itemListElement":[{"@type":"ListItem","position":1,"name":"Home","item":"https:\/\/eligioielli.com\/"},{"@type":"ListItem","position":2,"name":"Prodotti","item":"https:\/\/eligioielli.com\/index.php\/prodotti-eli-gioielli-massa-gioielleria-oreficeria\/"},{"@type":"ListItem","position":3,"name":"RECARLO Anniversary More bracciale rigido. Cod. B86RI011"}]},{"@type":"WebSite","@id":"https:\/\/eligioielli.com\/#website","url":"https:\/\/eligioielli.com\/","name":"Eli Gioielli","description":"","publisher":{"@id":"https:\/\/eligioielli.com\/#organization"},"potentialAction":[{"@type":"SearchAction","target":{"@type":"EntryPoint","urlTemplate":"https:\/\/eligioielli.com\/?s={search_term_string}"},"query-input":{"@type":"PropertyValueSpecification","valueRequired":true,"valueName":"search_term_string"}}],"inLanguage":"it-IT"},{"@type":"Organization","@id":"https:\/\/eligioielli.com\/#organization","name":"Eli Gioielli","url":"https:\/\/eligioielli.com\/","logo":{"@type":"ImageObject","inLanguage":"it-IT","@id":"https:\/\/eligioielli.com\/#\/schema\/logo\/image\/","url":"https:\/\/eligioielli.com\/wp-content\/uploads\/2024\/05\/logo.png","contentUrl":"https:\/\/eligioielli.com\/wp-content\/uploads\/2024\/05\/logo.png","width":165,"height":96,"caption":"Eli Gioielli"},"image":{"@id":"https:\/\/eligioielli.com\/#\/schema\/logo\/image\/"},"sameAs":["https:\/\/www.facebook.com\/Eligioiellimassa","https:\/\/www.instagram.com\/eli_gioielli\/"]}]}},"jetpack_sharing_enabled":true,"_links":{"self":[{"href":"https:\/\/eligioielli.com\/index.php\/wp-json\/wp\/v2\/product\/2090","targetHints":{"allow":["GET"]}}],"collection":[{"href":"https:\/\/eligioielli.com\/index.php\/wp-json\/wp\/v2\/product"}],"about":[{"href":"https:\/\/eligioielli.com\/index.php\/wp-json\/wp\/v2\/types\/product"}],"replies":[{"embeddable":true,"href":"https:\/\/eligioielli.com\/index.php\/wp-json\/wp\/v2\/comments?post=2090"}],"wp:featuredmedia":[{"embeddable":true,"href":"https:\/\/eligioielli.com\/index.php\/wp-json\/wp\/v2\/media\/2091"}],"wp:attachment":[{"href":"https:\/\/eligioielli.com\/index.php\/wp-json\/wp\/v2\/media?parent=2090"}],"wp:term":[{"taxonomy":"product_brand","embeddable":true,"href":"https:\/\/eligioielli.com\/index.php\/wp-json\/wp\/v2\/product_brand?post=2090"},{"taxonomy":"product_cat","embeddable":true,"href":"https:\/\/eligioielli.com\/index.php\/wp-json\/wp\/v2\/product_cat?post=2090"},{"taxonomy":"product_tag","embeddable":true,"href":"https:\/\/eligioielli.com\/index.php\/wp-json\/wp\/v2\/product_tag?post=2090"}],"curies":[{"name":"wp","href":"https:\/\/api.w.org\/{rel}","templated":true}]}}