{"id":1674,"date":"2024-05-15T12:46:51","date_gmt":"2024-05-15T12:46:51","guid":{"rendered":"https:\/\/eligioielli.com\/?page_id=1674"},"modified":"2024-05-15T12:52:43","modified_gmt":"2024-05-15T12:52:43","slug":"termini-e-condizioni-eli-gioielli-massa-gold-italia-srl","status":"publish","type":"page","link":"https:\/\/eligioielli.com\/index.php\/termini-e-condizioni-eli-gioielli-massa-gold-italia-srl\/","title":{"rendered":"Termini e Condizioni:"},"content":{"rendered":"\n<p><strong>CONDIZIONI GENERALI DI VENDITA<\/strong>:<\/p>\n\n\n\n<ul class=\"wp-block-list\">\n<li>La conclusione dell&#8217;ordine sul sito costituisce una proposta di acquisto da parte del Cliente, che si intender\u00e0 accettata solo a seguito di esplicita conferma da parte dei nostri Responsabili di Vendita. Sar\u00e0 nostra premura contattare il Cliente per aggiornarlo su tutte le fasi di gestione dell\u2019ordine.<\/li>\n\n\n\n<li>I valori di prezzo indicati sul nostro sito, sono da considerarsi come \u201cprezzi per unit\u00e0 di prodotto\u201d, comprensivo di IVA, salvo diverse specifiche. Questi possono subire variazioni (es. aumento di listino ufficiale) per le quali non siamo tenuti a fornire alcun preavviso.<\/li>\n\n\n\n<li>In qualsiasi caso di errore rilevato nell&#8217;indicazione del prezzo di un articolo sul nostro sito o nella procedura di ordine, comunque comunicato, anche telefonicamente o via e-mail, e segnatamente nel caso in cui questo dovesse risultare inferiore o superiore al prezzo corretto di vendita del prodotto a seguito di verifica interna, sar\u00e0 nostra premura contattarLa per verificare se desidera egualmente acquistare il prodotto al prezzo corretto. Altrimenti la Sua proposta di acquisto non potr\u00e0 essere accettata.<\/li>\n\n\n\n<li>Una volta ricevuta la nostra espressa Conferma d\u2019Ordine, il valore di cessione non subir\u00e0 alcuna variazione e sar\u00e0 coincidente con il prezzo concordato. Tutti i prodotti, dopo la nostra conferma di conclusione dell&#8217;acquisto, saranno a Sua disposizione presso i nostri negozi o recapitati tramite spedizione all&#8217;indirizzo indicato, secondo gli accordi.<\/li>\n\n\n\n<li>E&#8217; possibile eseguire personalizzazioni e\/o lavorazioni su misura, secondo le indicazioni del cliente, ma rispondenti ai nostri criteri di qualit\u00e0. In tale evenienza, verr\u00e0 meno la possibilit\u00e0 di esercitare il diritto di recesso dal contratto di compravendita del bene.<\/li>\n<\/ul>\n\n\n\n<h2 class=\"wp-block-heading\"><strong>SPEDIZIONI E RITIRO IN NEGOZIO:<\/strong><\/h2>\n\n\n\n<p><strong>SPEDIZIONE ASSICURATA:<\/strong><br>Per assicurare ai nostri clienti il massimo della cura e della sicurezza, ELI GIOIELLI ha&nbsp; si avvale dei pi\u00f9 affidabili corrieri, sia espressi (DHL, TNT) che PortaValori Blindati (?). Viene quindi garantita una consegna in sicurezza e nei pi\u00f9 brevi tempi possibili.<br><br>Per valori superiori a Eur 500,00 il Vostro acquisto sar\u00e0 affidato a un Corriere Espresso, con consegna prevista per la maggior parte delle destinazioni sul territorio nazionale in 24\/48h dalla spedizione. Per importi superiori la spedizione sar\u00e0 affidata ad un Corriere PortaValori per avere la massima cura e sicurezza.<br><\/p>\n\n\n\n<p>Siamo in grado di spedire internazionalmente, anche al di fuori della Comunit\u00e0 Europea, mantenendo invariate le garanzie di sicurezza ed affidabilit\u00e0 sopra descritte.<\/p>\n\n\n\n<p>Tutte le nostre spedizioni sono assicurate per l\u2019intero valore dell\u2019ordine. PS: Se non sei a casa e nessuno pu\u00f2 ritirare il pacco per te, indica l&#8217;indirizzo del luogo in cui lavori.<\/p>\n\n\n\n<h2 class=\"wp-block-heading\"><strong>COSTI DI SPEDIZIONE ITALIA:<\/strong><\/h2>\n\n\n\n<p>&#8211; Eur 30,00 per ordini fino a Eur 1000,00<\/p>\n\n\n\n<p>&#8211; OMAGGIO per ordini superiori a Eur 1000,00<\/p>\n\n\n\n<h2 class=\"wp-block-heading\"><strong>COSTI DI SPEDIZIONE CEE:<\/strong><\/h2>\n\n\n\n<p>&#8211; Eur 90,00 per ordini fino a Eur 1000,00 <br>&#8211; Eur 50,00 per ordini superiori a Eur 1000,00<\/p>\n\n\n\n<h2 class=\"wp-block-heading\"><strong>COSTI DI SPEDIZIONE Extra CEE:<\/strong><\/h2>\n\n\n\n<p>&#8211; Da calcolare in fase di acquisto, in base alla destinazione e all&#8217;importo totale dell\u2019acquisto. <br>Per condizioni particolari come spedizioni in localit\u00e0 di difficile raggiungimento o per ordini particolarmente voluminosi, possono essere chiesti contributi aggiuntivi alle spese di spedizione<\/p>\n\n\n\n<h2 class=\"wp-block-heading\"><strong>RITIRO IN NEGOZIO:<\/strong><\/h2>\n\n\n\n<p>Il nostro piacere \u00e8 di accoglierVi presso la nostra Gioielleria di MASSA.<br>Per potervi al meglio presentare le caratteristiche tecniche ed emozionali dell\u2019orologio o del gioiello di Vostro interesse vi invitiamo a contattarci per fissare un appuntamento con un nostro consulente.&nbsp;<\/p>\n\n\n\n<h2 class=\"wp-block-heading\"><strong>METODI DI PAGAMENTO<\/strong><\/h2>\n\n\n\n<p><strong>Metodi di Pagamento a Distanza:<\/strong><\/p>\n\n\n\n<p>BONIFICO BANCARIO<\/p>\n\n\n\n<p>CARTE DI CREDITO \/ PAYPAL<\/p>\n\n\n\n<p><strong>Metodi di Pagamento per Ritiro in Negozio:<\/strong><\/p>\n\n\n\n<p>BONIFICO BANCARIO<\/p>\n\n\n\n<p>BONIFICO BANCARIO IMMEDIATO<\/p>\n\n\n\n<p>CONTANTI (Entro i termini di legge)<\/p>\n\n\n\n<p>CARTA DI CREDITO<\/p>\n\n\n\n<p>ASSEGNO (Consegna dopo 8 giorni dal versamento) ALIPAY<\/p>\n\n\n\n<p><strong>La spedizione e\/o la consegna in negozio avvengono SOLAMENTE successivamente all\u2019effettivo pagamento del totale<\/strong><\/p>\n\n\n\n<p><br>Di Seguito le nostre&nbsp;<strong>COORDINATE BANCARIE<\/strong>:<\/p>\n\n\n\n<p>BANCA &#8216;INTESA SAN PAOLO??????????&#8221;&#8221;&#8221;&#8221;&#8221;&#8221;<\/p>\n\n\n\n<p><strong>IBAN: IT<\/strong>&#8216;??????????????&#8221;&#8221;&#8221;&#8217;<\/p>\n\n\n\n<p>BIC: B??????????&#8217;<\/p>\n\n\n\n<h2 class=\"wp-block-heading\"><strong>DIRITTO DI RECESSO<\/strong><\/h2>\n\n\n\n<p>Al cliente viene riconosciuto il diritto di recesso come previsto dalla normativa vigente.&nbsp;<\/p>\n\n\n\n<p>Il termine utile per avvalersi di questo diritto e\u2019 di quattordici giorni dalla data di consegna dei prodotti.<\/p>\n\n\n\n<p>Per avere diritto al reso il cliente \u00e8 tenuto ad inviare una raccomandata a:<\/p>\n\n\n\n<p>ELI GIOIELLI &#8211; GOLD ITALIA SRL<\/p>\n\n\n\n<p>Via Quercioli, 387<\/p>\n\n\n\n<p>54100 Massa (MS)<\/p>\n\n\n\n<p>Il cliente e\u2019 altres\u00ec tenuto a restituire i prodotti nelle stesse condizioni in cui li ha ricevuti. La spedizione di reso \u00e8 da effettuarsi all\u2019indirizzo sopra indicato, a mezzo corriere concordato con la ditta Gold Italia Srl. Viene richiesta cura e adeguato imballo atto a garantire l&#8217;integrit\u00e0\u2019 dei prodotti.&nbsp;<\/p>\n\n\n\n<p>Nel caso in cui il motivo del reso non sia legato ad un malfunzionamento\/difetto del prodotto ma bens\u00ec ad un ripensamento\/errore della misura scelta, le spese di rientro sono a carico dell&#8217;acquirente.<\/p>\n\n\n\n<p>Entro dieci giorni dalla data in cui il venditore abbia ricevuto il reso, sar\u00e0 nostra cura rimborsare il cliente, tramite bonifico bancario, delle spese sostenute per l\u2019acquisto. Ricordiamo che il diritto di recesso \u00e8 escluso per i prodotti confezionati su misura o personalizzati.<\/p>\n\n\n\n<p>Questi siti web possono raccogliere dati su di te, utilizzare cookie, incorporare ulteriori tracciamenti di terze parti e monitorare la tua interazione con quel contenuto incorporato, incluso il tracciamento della tua interazione con il contenuto incorporato se hai un account e hai effettuato l&#8217;accesso a quel sito web.<\/p>\n\n\n\n<h2 class=\"wp-block-heading\"><strong>DIRITTO ALLA PRIVACY<\/strong><\/h2>\n\n\n\n<p>Ai sensi del D.Lgs. n\u00b0 196\/2003 si dichiara che compilando il modulo di contatto (e-mail o fax), o inviando i propri dati personali in qualsiasi forma, il cliente autorizza la societ\u00e0 Gold Italia Srl al trattamento dei propri dati personali. I suddetti dati saranno gestiti e utilizzati dalla GOLD ITALIA SRL, la quale li potr\u00e0 utilizzare per dare seguito a richieste del Cliente, per la gestione delle proposte di acquisto e per l\u2019invio di materiale informativo.&nbsp; Ai sensi dell\u2019art 13 del D.Lgs. n\u00b0 196\/2003 il cliente ha diritto di accesso ai propri dati nonch\u00e9 il diritto di chiederne in qualunque momento, la cancellazione, la trasformazione in forma anonima, il blocco dei dati trattati in violazione di legge, l\u2019aggiornamento, la rettificazione e l\u2019integrazione.<\/p>\n\n\n\n<h2 class=\"wp-block-heading\">Informazioni Aziedali<\/h2>\n\n\n\n<p><strong>Gold Italia Srl<\/strong><\/p>\n\n\n\n<p>Eli Gioielli<\/p>\n\n\n\n<p>Via Quercioli, 387<\/p>\n\n\n\n<p>54100 Massa (MS)<\/p>\n\n\n\n<p>P. IVA 00000000000&nbsp;<\/p>\n\n\n\n<p>CAPITALE I.V. : \u20ac00.000&nbsp;<\/p>\n\n\n\n<p>REA: 000000<\/p>\n\n\n\n<p>Tel: +39 0585 792022 &#8211; 0585 874358<br> <br>E.Mail: info@eligioielli.it<\/p>\n","protected":false},"excerpt":{"rendered":"<p>CONDIZIONI GENERALI DI VENDITA: SPEDIZIONI E RITIRO IN NEGOZIO: SPEDIZIONE ASSICURATA:Per assicurare ai nostri clienti il massimo della cura e della sicurezza, ELI GIOIELLI ha&nbsp; si avvale dei pi\u00f9 affidabili corrieri, sia espressi (DHL, TNT) che PortaValori Blindati (?). Viene quindi garantita una consegna in sicurezza e nei pi\u00f9 brevi tempi possibili. Per valori superiori [&hellip;]<\/p>\n","protected":false},"author":1,"featured_media":0,"parent":0,"menu_order":0,"comment_status":"closed","ping_status":"closed","template":"","meta":{"_joinchat":[],"footnotes":""},"class_list":["post-1674","page","type-page","status-publish","hentry"],"blocksy_meta":[],"yoast_head":"<!-- This site is optimized with the Yoast SEO plugin v27.5 - https:\/\/yoast.com\/product\/yoast-seo-wordpress\/ -->\n<title>Termini e Condizioni: - Eli Gioielli<\/title>\n<meta name=\"description\" content=\"Termini e condizioni di vendita eli gioielli massa\" \/>\n<meta name=\"robots\" content=\"index, follow, max-snippet:-1, max-image-preview:large, max-video-preview:-1\" \/>\n<link rel=\"canonical\" href=\"https:\/\/eligioielli.com\/index.php\/termini-e-condizioni-eli-gioielli-massa-gold-italia-srl\/\" \/>\n<meta property=\"og:locale\" content=\"it_IT\" \/>\n<meta property=\"og:type\" content=\"article\" \/>\n<meta property=\"og:title\" content=\"Termini e Condizioni: - Eli Gioielli\" \/>\n<meta property=\"og:description\" content=\"Termini e condizioni di vendita eli gioielli massa\" \/>\n<meta property=\"og:url\" content=\"https:\/\/eligioielli.com\/index.php\/termini-e-condizioni-eli-gioielli-massa-gold-italia-srl\/\" \/>\n<meta property=\"og:site_name\" content=\"Eli Gioielli\" \/>\n<meta property=\"article:publisher\" content=\"https:\/\/www.facebook.com\/Eligioiellimassa\" \/>\n<meta property=\"article:modified_time\" content=\"2024-05-15T12:52:43+00:00\" \/>\n<meta name=\"twitter:card\" content=\"summary_large_image\" \/>\n<meta name=\"twitter:label1\" content=\"Tempo di lettura stimato\" \/>\n\t<meta name=\"twitter:data1\" content=\"6 minuti\" \/>\n<script type=\"application\/ld+json\" class=\"yoast-schema-graph\">{\"@context\":\"https:\\\/\\\/schema.org\",\"@graph\":[{\"@type\":\"WebPage\",\"@id\":\"https:\\\/\\\/eligioielli.com\\\/index.php\\\/termini-e-condizioni-eli-gioielli-massa-gold-italia-srl\\\/\",\"url\":\"https:\\\/\\\/eligioielli.com\\\/index.php\\\/termini-e-condizioni-eli-gioielli-massa-gold-italia-srl\\\/\",\"name\":\"Termini e Condizioni: - Eli Gioielli\",\"isPartOf\":{\"@id\":\"https:\\\/\\\/eligioielli.com\\\/#website\"},\"datePublished\":\"2024-05-15T12:46:51+00:00\",\"dateModified\":\"2024-05-15T12:52:43+00:00\",\"description\":\"Termini e condizioni di vendita eli gioielli massa\",\"breadcrumb\":{\"@id\":\"https:\\\/\\\/eligioielli.com\\\/index.php\\\/termini-e-condizioni-eli-gioielli-massa-gold-italia-srl\\\/#breadcrumb\"},\"inLanguage\":\"it-IT\",\"potentialAction\":[{\"@type\":\"ReadAction\",\"target\":[\"https:\\\/\\\/eligioielli.com\\\/index.php\\\/termini-e-condizioni-eli-gioielli-massa-gold-italia-srl\\\/\"]}]},{\"@type\":\"BreadcrumbList\",\"@id\":\"https:\\\/\\\/eligioielli.com\\\/index.php\\\/termini-e-condizioni-eli-gioielli-massa-gold-italia-srl\\\/#breadcrumb\",\"itemListElement\":[{\"@type\":\"ListItem\",\"position\":1,\"name\":\"Home\",\"item\":\"https:\\\/\\\/eligioielli.com\\\/\"},{\"@type\":\"ListItem\",\"position\":2,\"name\":\"Termini e Condizioni:\"}]},{\"@type\":\"WebSite\",\"@id\":\"https:\\\/\\\/eligioielli.com\\\/#website\",\"url\":\"https:\\\/\\\/eligioielli.com\\\/\",\"name\":\"Eli Gioielli\",\"description\":\"\",\"publisher\":{\"@id\":\"https:\\\/\\\/eligioielli.com\\\/#organization\"},\"potentialAction\":[{\"@type\":\"SearchAction\",\"target\":{\"@type\":\"EntryPoint\",\"urlTemplate\":\"https:\\\/\\\/eligioielli.com\\\/?s={search_term_string}\"},\"query-input\":{\"@type\":\"PropertyValueSpecification\",\"valueRequired\":true,\"valueName\":\"search_term_string\"}}],\"inLanguage\":\"it-IT\"},{\"@type\":\"Organization\",\"@id\":\"https:\\\/\\\/eligioielli.com\\\/#organization\",\"name\":\"Eli Gioielli\",\"url\":\"https:\\\/\\\/eligioielli.com\\\/\",\"logo\":{\"@type\":\"ImageObject\",\"inLanguage\":\"it-IT\",\"@id\":\"https:\\\/\\\/eligioielli.com\\\/#\\\/schema\\\/logo\\\/image\\\/\",\"url\":\"https:\\\/\\\/eligioielli.com\\\/wp-content\\\/uploads\\\/2024\\\/05\\\/logo.png\",\"contentUrl\":\"https:\\\/\\\/eligioielli.com\\\/wp-content\\\/uploads\\\/2024\\\/05\\\/logo.png\",\"width\":165,\"height\":96,\"caption\":\"Eli Gioielli\"},\"image\":{\"@id\":\"https:\\\/\\\/eligioielli.com\\\/#\\\/schema\\\/logo\\\/image\\\/\"},\"sameAs\":[\"https:\\\/\\\/www.facebook.com\\\/Eligioiellimassa\",\"https:\\\/\\\/www.instagram.com\\\/eli_gioielli\\\/\"]}]}<\/script>\n<!-- \/ Yoast SEO plugin. -->","yoast_head_json":{"title":"Termini e Condizioni: - Eli Gioielli","description":"Termini e condizioni di vendita eli gioielli massa","robots":{"index":"index","follow":"follow","max-snippet":"max-snippet:-1","max-image-preview":"max-image-preview:large","max-video-preview":"max-video-preview:-1"},"canonical":"https:\/\/eligioielli.com\/index.php\/termini-e-condizioni-eli-gioielli-massa-gold-italia-srl\/","og_locale":"it_IT","og_type":"article","og_title":"Termini e Condizioni: - Eli Gioielli","og_description":"Termini e condizioni di vendita eli gioielli massa","og_url":"https:\/\/eligioielli.com\/index.php\/termini-e-condizioni-eli-gioielli-massa-gold-italia-srl\/","og_site_name":"Eli Gioielli","article_publisher":"https:\/\/www.facebook.com\/Eligioiellimassa","article_modified_time":"2024-05-15T12:52:43+00:00","twitter_card":"summary_large_image","twitter_misc":{"Tempo di lettura stimato":"6 minuti"},"schema":{"@context":"https:\/\/schema.org","@graph":[{"@type":"WebPage","@id":"https:\/\/eligioielli.com\/index.php\/termini-e-condizioni-eli-gioielli-massa-gold-italia-srl\/","url":"https:\/\/eligioielli.com\/index.php\/termini-e-condizioni-eli-gioielli-massa-gold-italia-srl\/","name":"Termini e Condizioni: - Eli Gioielli","isPartOf":{"@id":"https:\/\/eligioielli.com\/#website"},"datePublished":"2024-05-15T12:46:51+00:00","dateModified":"2024-05-15T12:52:43+00:00","description":"Termini e condizioni di vendita eli gioielli massa","breadcrumb":{"@id":"https:\/\/eligioielli.com\/index.php\/termini-e-condizioni-eli-gioielli-massa-gold-italia-srl\/#breadcrumb"},"inLanguage":"it-IT","potentialAction":[{"@type":"ReadAction","target":["https:\/\/eligioielli.com\/index.php\/termini-e-condizioni-eli-gioielli-massa-gold-italia-srl\/"]}]},{"@type":"BreadcrumbList","@id":"https:\/\/eligioielli.com\/index.php\/termini-e-condizioni-eli-gioielli-massa-gold-italia-srl\/#breadcrumb","itemListElement":[{"@type":"ListItem","position":1,"name":"Home","item":"https:\/\/eligioielli.com\/"},{"@type":"ListItem","position":2,"name":"Termini e Condizioni:"}]},{"@type":"WebSite","@id":"https:\/\/eligioielli.com\/#website","url":"https:\/\/eligioielli.com\/","name":"Eli Gioielli","description":"","publisher":{"@id":"https:\/\/eligioielli.com\/#organization"},"potentialAction":[{"@type":"SearchAction","target":{"@type":"EntryPoint","urlTemplate":"https:\/\/eligioielli.com\/?s={search_term_string}"},"query-input":{"@type":"PropertyValueSpecification","valueRequired":true,"valueName":"search_term_string"}}],"inLanguage":"it-IT"},{"@type":"Organization","@id":"https:\/\/eligioielli.com\/#organization","name":"Eli Gioielli","url":"https:\/\/eligioielli.com\/","logo":{"@type":"ImageObject","inLanguage":"it-IT","@id":"https:\/\/eligioielli.com\/#\/schema\/logo\/image\/","url":"https:\/\/eligioielli.com\/wp-content\/uploads\/2024\/05\/logo.png","contentUrl":"https:\/\/eligioielli.com\/wp-content\/uploads\/2024\/05\/logo.png","width":165,"height":96,"caption":"Eli Gioielli"},"image":{"@id":"https:\/\/eligioielli.com\/#\/schema\/logo\/image\/"},"sameAs":["https:\/\/www.facebook.com\/Eligioiellimassa","https:\/\/www.instagram.com\/eli_gioielli\/"]}]}},"jetpack_sharing_enabled":true,"_links":{"self":[{"href":"https:\/\/eligioielli.com\/index.php\/wp-json\/wp\/v2\/pages\/1674","targetHints":{"allow":["GET"]}}],"collection":[{"href":"https:\/\/eligioielli.com\/index.php\/wp-json\/wp\/v2\/pages"}],"about":[{"href":"https:\/\/eligioielli.com\/index.php\/wp-json\/wp\/v2\/types\/page"}],"author":[{"embeddable":true,"href":"https:\/\/eligioielli.com\/index.php\/wp-json\/wp\/v2\/users\/1"}],"replies":[{"embeddable":true,"href":"https:\/\/eligioielli.com\/index.php\/wp-json\/wp\/v2\/comments?post=1674"}],"version-history":[{"count":4,"href":"https:\/\/eligioielli.com\/index.php\/wp-json\/wp\/v2\/pages\/1674\/revisions"}],"predecessor-version":[{"id":1680,"href":"https:\/\/eligioielli.com\/index.php\/wp-json\/wp\/v2\/pages\/1674\/revisions\/1680"}],"wp:attachment":[{"href":"https:\/\/eligioielli.com\/index.php\/wp-json\/wp\/v2\/media?parent=1674"}],"curies":[{"name":"wp","href":"https:\/\/api.w.org\/{rel}","templated":true}]}}